{"id":2839,"date":"2025-03-24T17:20:15","date_gmt":"2025-03-24T16:20:15","guid":{"rendered":"https:\/\/flamenco-rubin-de-la-ana.com\/?page_id=2839"},"modified":"2025-08-26T16:35:18","modified_gmt":"2025-08-26T14:35:18","slug":"galerie","status":"publish","type":"page","link":"https:\/\/flamenco-rubin-de-la-ana.com\/?page_id=2839","title":{"rendered":"Galerie Rubin de la Ana &amp; G\u00e4ste"},"content":{"rendered":"\n<p class=\"wp-block-paragraph\">Fotos Kerem Saltuk, Ver\u00f6ffentlichung mit Einwilligung der K\u00fcnstler_Innen<\/p>\n\n\n\n<div class=\"wp-block-group alignfull is-style-default is-content-justification-center\" style=\"margin-top:0;margin-bottom:0;padding-top:var(--wp--preset--spacing--50);padding-bottom:var(--wp--preset--spacing--50)\"><div class=\"wp-block-group__inner-container is-layout-constrained wp-block-group-is-layout-constrained\">\n<div class=\"wp-block-group alignwide\"><div class=\"wp-block-group__inner-container is-layout-flow wp-block-group-is-layout-flow\">\n<div class=\"wp-block-group alignwide\"><div class=\"wp-block-group__inner-container is-layout-flow wp-block-group-is-layout-flow\">\n<div class=\"wp-block-columns alignwide is-layout-flex wp-container-core-columns-is-layout-7954b648 wp-block-columns-is-layout-flex\">\n<div class=\"wp-block-column is-layout-flow wp-block-column-is-layout-flow\">\n<figure class=\"wp-block-image size-full is-style-default\"><img data-recalc-dims=\"1\" loading=\"lazy\" decoding=\"async\" width=\"525\" height=\"394\" data-attachment-id=\"2617\" data-permalink=\"https:\/\/flamenco-rubin-de-la-ana.com\/?attachment_id=2617\" data-orig-file=\"https:\/\/i0.wp.com\/flamenco-rubin-de-la-ana.com\/wp-content\/uploads\/2024\/12\/p1023300.jpeg?fit=1500%2C1125&amp;ssl=1\" data-orig-size=\"1500,1125\" data-comments-opened=\"0\" data-image-meta=\"{&quot;aperture&quot;:&quot;6.3&quot;,&quot;credit&quot;:&quot;&quot;,&quot;camera&quot;:&quot;DC-G9&quot;,&quot;caption&quot;:&quot;&quot;,&quot;created_timestamp&quot;:&quot;1717958492&quot;,&quot;copyright&quot;:&quot;&quot;,&quot;focal_length&quot;:&quot;112&quot;,&quot;iso&quot;:&quot;2500&quot;,&quot;shutter_speed&quot;:&quot;0.076923076923077&quot;,&quot;title&quot;:&quot;&quot;,&quot;orientation&quot;:&quot;1&quot;}\" data-image-title=\"\" data-image-description=\"\" data-image-caption=\"&lt;p&gt;foto k saltuk&lt;\/p&gt;\n\" data-large-file=\"https:\/\/i0.wp.com\/flamenco-rubin-de-la-ana.com\/wp-content\/uploads\/2024\/12\/p1023300.jpeg?fit=525%2C394&amp;ssl=1\" src=\"https:\/\/i0.wp.com\/flamenco-rubin-de-la-ana.com\/wp-content\/uploads\/2024\/12\/p1023300.jpeg?resize=525%2C394&#038;ssl=1\" alt=\"Rubin de la Ana\" class=\"wp-image-2617\" style=\"aspect-ratio:1;object-fit:cover\"\/><figcaption class=\"wp-element-caption\">foto k saltuk<\/figcaption><\/figure>\n\n\n\n<h3 class=\"wp-block-heading has-text-align-center has-small-font-size\">Rubin de la Ana<\/h3>\n<\/div>\n\n\n\n<div class=\"wp-block-column is-layout-flow wp-block-column-is-layout-flow\">\n<figure class=\"wp-block-image size-full is-style-default\"><img data-recalc-dims=\"1\" loading=\"lazy\" decoding=\"async\" width=\"525\" height=\"350\" data-attachment-id=\"2600\" data-permalink=\"https:\/\/flamenco-rubin-de-la-ana.com\/?attachment_id=2600\" data-orig-file=\"https:\/\/i0.wp.com\/flamenco-rubin-de-la-ana.com\/wp-content\/uploads\/2024\/12\/foto_kerem_saltuk_6.jpg?fit=8256%2C5504&amp;ssl=1\" data-orig-size=\"8256,5504\" data-comments-opened=\"0\" data-image-meta=\"{&quot;aperture&quot;:&quot;0&quot;,&quot;credit&quot;:&quot;&quot;,&quot;camera&quot;:&quot;&quot;,&quot;caption&quot;:&quot;&quot;,&quot;created_timestamp&quot;:&quot;0&quot;,&quot;copyright&quot;:&quot;&quot;,&quot;focal_length&quot;:&quot;0&quot;,&quot;iso&quot;:&quot;0&quot;,&quot;shutter_speed&quot;:&quot;0&quot;,&quot;title&quot;:&quot;&quot;,&quot;orientation&quot;:&quot;0&quot;}\" data-image-title=\"Rubin de la Ana Flamenco en vivo, baile Lorena Caballero concierto en el centro de las culturas internacionales ufa Fabrik Berlin 1984, Foto Kerem Saltuk\" data-image-description=\"&lt;p&gt;Konzert Rubin de la Ana Flamenco fusi\u00f3n IKC ufaFabrik Berlin Oktober 2024&lt;br \/&gt;\nFlamenco-Gitarre, Gesang Rubin de la Ana&lt;br \/&gt;\nBaile Lorena Caballero, caj\u00f3n Tom Auffarth &lt;\/p&gt;\n\" data-image-caption=\"&lt;p&gt;foto \u00a9 kerem saltuk&lt;\/p&gt;\n\" data-large-file=\"https:\/\/i0.wp.com\/flamenco-rubin-de-la-ana.com\/wp-content\/uploads\/2024\/12\/foto_kerem_saltuk_6.jpg?fit=525%2C350&amp;ssl=1\" src=\"https:\/\/i0.wp.com\/flamenco-rubin-de-la-ana.com\/wp-content\/uploads\/2024\/12\/foto_kerem_saltuk_6.jpg?resize=525%2C350&#038;ssl=1\" alt=\"\" class=\"wp-image-2600\" style=\"aspect-ratio:1;object-fit:cover\"\/><figcaption class=\"wp-element-caption\">foto k saltuk<\/figcaption><\/figure>\n\n\n\n<h3 class=\"wp-block-heading has-text-align-center has-small-font-size\">Lorena Caballero<\/h3>\n<\/div>\n\n\n\n<div class=\"wp-block-column is-layout-flow wp-block-column-is-layout-flow\">\n<figure class=\"wp-block-image size-full is-style-default\"><img data-recalc-dims=\"1\" loading=\"lazy\" decoding=\"async\" width=\"525\" height=\"789\" data-attachment-id=\"2645\" data-permalink=\"https:\/\/flamenco-rubin-de-la-ana.com\/?attachment_id=2645\" data-orig-file=\"https:\/\/i0.wp.com\/flamenco-rubin-de-la-ana.com\/wp-content\/uploads\/2023\/06\/dsc_12792.jpeg?fit=2832%2C4256&amp;ssl=1\" data-orig-size=\"2832,4256\" data-comments-opened=\"0\" data-image-meta=\"{&quot;aperture&quot;:&quot;0&quot;,&quot;credit&quot;:&quot;&quot;,&quot;camera&quot;:&quot;&quot;,&quot;caption&quot;:&quot;&quot;,&quot;created_timestamp&quot;:&quot;0&quot;,&quot;copyright&quot;:&quot;&quot;,&quot;focal_length&quot;:&quot;0&quot;,&quot;iso&quot;:&quot;0&quot;,&quot;shutter_speed&quot;:&quot;0&quot;,&quot;title&quot;:&quot;&quot;,&quot;orientation&quot;:&quot;0&quot;}\" data-image-title=\"\" data-image-description=\"\" data-image-caption=\"&lt;p&gt;foto g fuest&lt;\/p&gt;\n\" data-large-file=\"https:\/\/i0.wp.com\/flamenco-rubin-de-la-ana.com\/wp-content\/uploads\/2023\/06\/dsc_12792.jpeg?fit=525%2C789&amp;ssl=1\" src=\"https:\/\/i0.wp.com\/flamenco-rubin-de-la-ana.com\/wp-content\/uploads\/2023\/06\/dsc_12792.jpeg?resize=525%2C789&#038;ssl=1\" alt=\"Ana Maria Galan\" class=\"wp-image-2645\" style=\"aspect-ratio:1;object-fit:cover\"\/><figcaption class=\"wp-element-caption\">foto g fuest<\/figcaption><\/figure>\n\n\n\n<h3 class=\"wp-block-heading has-text-align-center has-small-font-size\">Ana Maria Galan<\/h3>\n<\/div>\n\n\n\n<div class=\"wp-block-column is-layout-flow wp-block-column-is-layout-flow\">\n<figure class=\"wp-block-image size-full is-style-default\"><img data-recalc-dims=\"1\" loading=\"lazy\" decoding=\"async\" width=\"525\" height=\"350\" data-attachment-id=\"2662\" data-permalink=\"https:\/\/flamenco-rubin-de-la-ana.com\/?attachment_id=2662\" data-orig-file=\"https:\/\/i0.wp.com\/flamenco-rubin-de-la-ana.com\/wp-content\/uploads\/2023\/06\/dsc_4426.jpeg?fit=4085%2C2723&amp;ssl=1\" data-orig-size=\"4085,2723\" data-comments-opened=\"0\" data-image-meta=\"{&quot;aperture&quot;:&quot;2.8&quot;,&quot;credit&quot;:&quot;GERALD FUEST&quot;,&quot;camera&quot;:&quot;NIKON D700&quot;,&quot;caption&quot;:&quot;&quot;,&quot;created_timestamp&quot;:&quot;1682273664&quot;,&quot;copyright&quot;:&quot;GERALD FUEST&quot;,&quot;focal_length&quot;:&quot;34&quot;,&quot;iso&quot;:&quot;6400&quot;,&quot;shutter_speed&quot;:&quot;0.005&quot;,&quot;title&quot;:&quot;&quot;,&quot;orientation&quot;:&quot;0&quot;}\" data-image-title=\"\" data-image-description=\"\" data-image-caption=\"&lt;p&gt;foto g fuest&lt;\/p&gt;\n\" data-large-file=\"https:\/\/i0.wp.com\/flamenco-rubin-de-la-ana.com\/wp-content\/uploads\/2023\/06\/dsc_4426.jpeg?fit=525%2C350&amp;ssl=1\" src=\"https:\/\/i0.wp.com\/flamenco-rubin-de-la-ana.com\/wp-content\/uploads\/2023\/06\/dsc_4426.jpeg?resize=525%2C350&#038;ssl=1\" alt=\"Fernando\" class=\"wp-image-2662\" style=\"aspect-ratio:1;object-fit:cover\"\/><figcaption class=\"wp-element-caption\">foto g fuest<\/figcaption><\/figure>\n\n\n\n<h3 class=\"wp-block-heading has-text-align-center has-small-font-size\">Fernando Gal\u00e1n<\/h3>\n<\/div>\n<\/div>\n<\/div><\/div>\n\n\n\n<div class=\"wp-block-group alignwide\"><div class=\"wp-block-group__inner-container is-layout-flow wp-block-group-is-layout-flow\">\n<div class=\"wp-block-columns alignwide is-layout-flex wp-container-core-columns-is-layout-7954b648 wp-block-columns-is-layout-flex\">\n<div class=\"wp-block-column is-layout-flow wp-block-column-is-layout-flow\">\n<figure class=\"wp-block-image size-full is-style-default\"><img data-recalc-dims=\"1\" loading=\"lazy\" decoding=\"async\" width=\"525\" height=\"350\" data-attachment-id=\"2023\" data-permalink=\"https:\/\/flamenco-rubin-de-la-ana.com\/?attachment_id=2023\" data-orig-file=\"https:\/\/i0.wp.com\/flamenco-rubin-de-la-ana.com\/wp-content\/uploads\/2023\/08\/dsc_4412-2.jpeg?fit=4029%2C2686&amp;ssl=1\" data-orig-size=\"4029,2686\" data-comments-opened=\"0\" data-image-meta=\"{&quot;aperture&quot;:&quot;5.6&quot;,&quot;credit&quot;:&quot;GERALD FUEST&quot;,&quot;camera&quot;:&quot;NIKON D700&quot;,&quot;caption&quot;:&quot;&quot;,&quot;created_timestamp&quot;:&quot;1682279363&quot;,&quot;copyright&quot;:&quot;GERALD FUEST&quot;,&quot;focal_length&quot;:&quot;70&quot;,&quot;iso&quot;:&quot;6400&quot;,&quot;shutter_speed&quot;:&quot;0.0015625&quot;,&quot;title&quot;:&quot;&quot;,&quot;orientation&quot;:&quot;1&quot;}\" data-image-title=\"Ensemble\" data-image-description=\"\" data-image-caption=\"&lt;p&gt;foto g fuest&lt;\/p&gt;\n\" data-large-file=\"https:\/\/i0.wp.com\/flamenco-rubin-de-la-ana.com\/wp-content\/uploads\/2023\/08\/dsc_4412-2.jpeg?fit=525%2C350&amp;ssl=1\" src=\"https:\/\/i0.wp.com\/flamenco-rubin-de-la-ana.com\/wp-content\/uploads\/2023\/08\/dsc_4412-2.jpeg?resize=525%2C350&#038;ssl=1\" alt=\"\" class=\"wp-image-2023\" style=\"aspect-ratio:1;object-fit:cover\"\/><figcaption class=\"wp-element-caption\">foto g fuest<\/figcaption><\/figure>\n\n\n\n<h3 class=\"wp-block-heading has-text-align-center has-small-font-size\">Fernando, Robin,Ricarda, Chiharu, Rubin<\/h3>\n<\/div>\n\n\n\n<div class=\"wp-block-column is-layout-flow wp-block-column-is-layout-flow\">\n<figure class=\"wp-block-image size-full is-style-default\"><img data-recalc-dims=\"1\" loading=\"lazy\" decoding=\"async\" width=\"525\" height=\"349\" data-attachment-id=\"1991\" data-permalink=\"https:\/\/flamenco-rubin-de-la-ana.com\/?attachment_id=1991\" data-orig-file=\"https:\/\/i0.wp.com\/flamenco-rubin-de-la-ana.com\/wp-content\/uploads\/2023\/07\/dsc_4436.jpeg?fit=4256%2C2832&amp;ssl=1\" data-orig-size=\"4256,2832\" data-comments-opened=\"0\" data-image-meta=\"{&quot;aperture&quot;:&quot;2.8&quot;,&quot;credit&quot;:&quot;GERALD FUEST&quot;,&quot;camera&quot;:&quot;NIKON D700&quot;,&quot;caption&quot;:&quot;&quot;,&quot;created_timestamp&quot;:&quot;1682273817&quot;,&quot;copyright&quot;:&quot;GERALD FUEST&quot;,&quot;focal_length&quot;:&quot;52&quot;,&quot;iso&quot;:&quot;6400&quot;,&quot;shutter_speed&quot;:&quot;0.005&quot;,&quot;title&quot;:&quot;&quot;,&quot;orientation&quot;:&quot;0&quot;}\" data-image-title=\"DSC_4436\" data-image-description=\"\" data-image-caption=\"&lt;p&gt;foto g fuest&lt;\/p&gt;\n\" data-large-file=\"https:\/\/i0.wp.com\/flamenco-rubin-de-la-ana.com\/wp-content\/uploads\/2023\/07\/dsc_4436.jpeg?fit=525%2C349&amp;ssl=1\" src=\"https:\/\/i0.wp.com\/flamenco-rubin-de-la-ana.com\/wp-content\/uploads\/2023\/07\/dsc_4436.jpeg?resize=525%2C349&#038;ssl=1\" alt=\"\" class=\"wp-image-1991\" style=\"aspect-ratio:1;object-fit:cover\"\/><figcaption class=\"wp-element-caption\">foto g fuest<\/figcaption><\/figure>\n\n\n\n<h3 class=\"wp-block-heading has-text-align-center has-small-font-size\">Robin, Fernando<\/h3>\n<\/div>\n\n\n\n<div class=\"wp-block-column is-layout-flow wp-block-column-is-layout-flow\">\n<figure class=\"wp-block-image size-full is-style-default\"><img data-recalc-dims=\"1\" loading=\"lazy\" decoding=\"async\" width=\"525\" height=\"525\" data-attachment-id=\"1946\" data-permalink=\"https:\/\/flamenco-rubin-de-la-ana.com\/?attachment_id=1946\" data-orig-file=\"https:\/\/i0.wp.com\/flamenco-rubin-de-la-ana.com\/wp-content\/uploads\/2023\/07\/cropped-trinitatis_31.oct_33.jpeg?fit=2000%2C2000&amp;ssl=1\" data-orig-size=\"2000,2000\" data-comments-opened=\"0\" data-image-meta=\"{&quot;aperture&quot;:&quot;0&quot;,&quot;credit&quot;:&quot;&quot;,&quot;camera&quot;:&quot;&quot;,&quot;caption&quot;:&quot;&quot;,&quot;created_timestamp&quot;:&quot;0&quot;,&quot;copyright&quot;:&quot;&quot;,&quot;focal_length&quot;:&quot;0&quot;,&quot;iso&quot;:&quot;0&quot;,&quot;shutter_speed&quot;:&quot;0&quot;,&quot;title&quot;:&quot;&quot;,&quot;orientation&quot;:&quot;0&quot;}\" data-image-title=\"cropped-trinitatis_31.oct_33.jpeg\" data-image-description=\"\" data-image-caption=\"&lt;p&gt;foto k saltuk&lt;\/p&gt;\n\" data-large-file=\"https:\/\/i0.wp.com\/flamenco-rubin-de-la-ana.com\/wp-content\/uploads\/2023\/07\/cropped-trinitatis_31.oct_33.jpeg?fit=525%2C525&amp;ssl=1\" src=\"https:\/\/i0.wp.com\/flamenco-rubin-de-la-ana.com\/wp-content\/uploads\/2023\/07\/cropped-trinitatis_31.oct_33.jpeg?resize=525%2C525&#038;ssl=1\" alt=\"\" class=\"wp-image-1946\" style=\"aspect-ratio:1;object-fit:cover\"\/><figcaption class=\"wp-element-caption\">foto k saltuk<\/figcaption><\/figure>\n\n\n\n<h3 class=\"wp-block-heading has-text-align-center has-small-font-size\">Chiharu<\/h3>\n<\/div>\n\n\n\n<div class=\"wp-block-column is-layout-flow wp-block-column-is-layout-flow\">\n<figure class=\"wp-block-image size-full is-style-default\"><img data-recalc-dims=\"1\" loading=\"lazy\" decoding=\"async\" width=\"525\" height=\"349\" data-attachment-id=\"2604\" data-permalink=\"https:\/\/flamenco-rubin-de-la-ana.com\/?attachment_id=2604\" data-orig-file=\"https:\/\/i0.wp.com\/flamenco-rubin-de-la-ana.com\/wp-content\/uploads\/2024\/12\/dsc_4446.jpeg?fit=4256%2C2832&amp;ssl=1\" data-orig-size=\"4256,2832\" data-comments-opened=\"0\" data-image-meta=\"{&quot;aperture&quot;:&quot;2.8&quot;,&quot;credit&quot;:&quot;GERALD FUEST&quot;,&quot;camera&quot;:&quot;NIKON D700&quot;,&quot;caption&quot;:&quot;&quot;,&quot;created_timestamp&quot;:&quot;1682274322&quot;,&quot;copyright&quot;:&quot;GERALD FUEST&quot;,&quot;focal_length&quot;:&quot;70&quot;,&quot;iso&quot;:&quot;6400&quot;,&quot;shutter_speed&quot;:&quot;0.005&quot;,&quot;title&quot;:&quot;&quot;,&quot;orientation&quot;:&quot;0&quot;}\" data-image-title=\"DSC_4446\" data-image-description=\"\" data-image-caption=\"&lt;p&gt;foto g fuest&lt;\/p&gt;\n\" data-large-file=\"https:\/\/i0.wp.com\/flamenco-rubin-de-la-ana.com\/wp-content\/uploads\/2024\/12\/dsc_4446.jpeg?fit=525%2C349&amp;ssl=1\" src=\"https:\/\/i0.wp.com\/flamenco-rubin-de-la-ana.com\/wp-content\/uploads\/2024\/12\/dsc_4446.jpeg?resize=525%2C349&#038;ssl=1\" alt=\"\" class=\"wp-image-2604\" style=\"aspect-ratio:1;object-fit:cover\"\/><figcaption class=\"wp-element-caption\">foto g fuest<\/figcaption><\/figure>\n\n\n\n<h3 class=\"wp-block-heading has-text-align-center has-small-font-size\">Rubin, Fernando<\/h3>\n<\/div>\n<\/div>\n<\/div><\/div>\n<\/div><\/div>\n<\/div><\/div>\n","protected":false},"excerpt":{"rendered":"<p>Fotos Kerem Saltuk, Ver\u00f6ffentlichung mit Einwilligung der K\u00fcnstler_Innen Rubin de la Ana Lorena Caballero Ana Maria Galan Fernando Gal\u00e1n Fernando, Robin,Ricarda, Chiharu, Rubin Robin, Fernando Chiharu Rubin, Fernando<\/p>\n","protected":false},"author":182904535,"featured_media":0,"parent":0,"menu_order":0,"comment_status":"closed","ping_status":"closed","template":"","meta":{"_coblocks_attr":"","_coblocks_dimensions":"","_coblocks_responsive_height":"","_coblocks_accordion_ie_support":"","_crdt_document":"","footnotes":""},"class_list":["post-2839","page","type-page","status-publish","hentry"],"aioseo_notices":[],"aioseo_head":"\n\t\t<!-- All in One SEO Pro 4.9.7.1 - aioseo.com -->\n\t<meta name=\"description\" content=\"Fotos Kerem Saltuk, Ver\u00f6ffentlichung mit Einwilligung der K\u00fcnstler_Innen Rubin de la Ana Lorena Caballero Ana Maria Galan Fernando Gal\u00e1n Fernando, Robin,Ricarda, Chiharu, Rubin Robin, Fernando Chiharu Rubin, Fernando\" \/>\n\t<meta name=\"robots\" content=\"max-image-preview:large\" \/>\n\t<meta name=\"google-site-verification\" content=\"ktPnRl39mkuKUpI326B_0fwNEqpuw_sJbJu7BUxzxBU\" \/>\n\t<link rel=\"canonical\" href=\"https:\/\/flamenco-rubin-de-la-ana.com\/?page_id=2839\" \/>\n\t<meta name=\"generator\" content=\"All in One SEO Pro (AIOSEO) 4.9.7.1\" \/>\n\t\t<meta property=\"og:locale\" content=\"de_DE\" \/>\n\t\t<meta property=\"og:site_name\" content=\"Rubin de la Ana, Flamenco K\u00fcnstler aus Jerez (C\u00e1diz) \u2013 guitarrista y cantaor flamenco, compositor\" \/>\n\t\t<meta property=\"og:type\" content=\"article\" \/>\n\t\t<meta property=\"og:title\" content=\"Galerie Rubin de la Ana &amp; G\u00e4ste \u2013 Rubin de la Ana, Flamenco K\u00fcnstler aus Jerez (C\u00e1diz)\" \/>\n\t\t<meta property=\"og:description\" content=\"Fotos Kerem Saltuk, Ver\u00f6ffentlichung mit Einwilligung der K\u00fcnstler_Innen Rubin de la Ana Lorena Caballero Ana Maria Galan Fernando Gal\u00e1n Fernando, Robin,Ricarda, Chiharu, Rubin Robin, Fernando Chiharu Rubin, Fernando\" \/>\n\t\t<meta property=\"og:url\" content=\"https:\/\/flamenco-rubin-de-la-ana.com\/?page_id=2839\" \/>\n\t\t<meta property=\"og:image\" content=\"https:\/\/flamenco-rubin-de-la-ana.com\/wp-content\/uploads\/2024\/12\/foto_kerem_saltuk_6.jpg\" \/>\n\t\t<meta property=\"og:image:secure_url\" content=\"https:\/\/flamenco-rubin-de-la-ana.com\/wp-content\/uploads\/2024\/12\/foto_kerem_saltuk_6.jpg\" \/>\n\t\t<meta property=\"og:image:width\" content=\"8256\" \/>\n\t\t<meta property=\"og:image:height\" content=\"5504\" \/>\n\t\t<meta property=\"article:published_time\" content=\"2025-03-24T16:20:15+00:00\" \/>\n\t\t<meta property=\"article:modified_time\" content=\"2025-08-26T14:35:18+00:00\" \/>\n\t\t<meta property=\"article:publisher\" content=\"https:\/\/facebook.com\/flamenco_puro_arte\" \/>\n\t\t<meta name=\"twitter:card\" content=\"summary_large_image\" \/>\n\t\t<meta name=\"twitter:site\" content=\"@flamenco_puro_arte\" \/>\n\t\t<meta name=\"twitter:title\" content=\"Galerie Rubin de la Ana &amp; G\u00e4ste \u2013 Rubin de la Ana, Flamenco K\u00fcnstler aus Jerez (C\u00e1diz)\" \/>\n\t\t<meta name=\"twitter:description\" content=\"Fotos Kerem Saltuk, Ver\u00f6ffentlichung mit Einwilligung der K\u00fcnstler_Innen Rubin de la Ana Lorena Caballero Ana Maria Galan Fernando Gal\u00e1n Fernando, Robin,Ricarda, Chiharu, Rubin Robin, Fernando Chiharu Rubin, Fernando\" \/>\n\t\t<meta name=\"twitter:creator\" content=\"@flamenco_puro_arte\" \/>\n\t\t<meta name=\"twitter:image\" content=\"https:\/\/flamenco-rubin-de-la-ana.com\/wp-content\/uploads\/2024\/12\/foto_kerem_saltuk_6.jpg\" \/>\n\t\t<!-- All in One SEO Pro -->\r\n\t\t<title>Galerie Rubin de la Ana &amp; G\u00e4ste \u2013 Rubin de la Ana, Flamenco K\u00fcnstler aus Jerez (C\u00e1diz)<\/title>\n\n","aioseo_head_json":{"title":"Galerie Rubin de la Ana & G\u00e4ste \u2013 Rubin de la Ana, Flamenco K\u00fcnstler aus Jerez (C\u00e1diz)","description":"Fotos Kerem Saltuk, Ver\u00f6ffentlichung mit Einwilligung der K\u00fcnstler_Innen Rubin de la Ana Lorena Caballero Ana Maria Galan Fernando Gal\u00e1n Fernando, Robin,Ricarda, Chiharu, Rubin Robin, Fernando Chiharu Rubin, Fernando","canonical_url":"https:\/\/flamenco-rubin-de-la-ana.com\/?page_id=2839","robots":"max-image-preview:large","keywords":"","webmasterTools":{"google-site-verification":"ktPnRl39mkuKUpI326B_0fwNEqpuw_sJbJu7BUxzxBU","miscellaneous":""},"schema":null,"og:locale":"de_DE","og:site_name":"Rubin de la Ana, Flamenco K\u00fcnstler aus Jerez (C\u00e1diz) \u2013 guitarrista y cantaor flamenco, compositor","og:type":"article","og:title":"Galerie Rubin de la Ana &amp; G\u00e4ste \u2013 Rubin de la Ana, Flamenco K\u00fcnstler aus Jerez (C\u00e1diz)","og:description":"Fotos Kerem Saltuk, Ver\u00f6ffentlichung mit Einwilligung der K\u00fcnstler_Innen Rubin de la Ana Lorena Caballero Ana Maria Galan Fernando Gal\u00e1n Fernando, Robin,Ricarda, Chiharu, Rubin Robin, Fernando Chiharu Rubin, Fernando","og:url":"https:\/\/flamenco-rubin-de-la-ana.com\/?page_id=2839","og:image":"https:\/\/flamenco-rubin-de-la-ana.com\/wp-content\/uploads\/2024\/12\/foto_kerem_saltuk_6.jpg","og:image:secure_url":"https:\/\/flamenco-rubin-de-la-ana.com\/wp-content\/uploads\/2024\/12\/foto_kerem_saltuk_6.jpg","og:image:width":8256,"og:image:height":5504,"article:published_time":"2025-03-24T16:20:15+00:00","article:modified_time":"2025-08-26T14:35:18+00:00","article:publisher":"https:\/\/facebook.com\/flamenco_puro_arte","twitter:card":"summary_large_image","twitter:site":"@flamenco_puro_arte","twitter:title":"Galerie Rubin de la Ana &amp; G\u00e4ste \u2013 Rubin de la Ana, Flamenco K\u00fcnstler aus Jerez (C\u00e1diz)","twitter:description":"Fotos Kerem Saltuk, Ver\u00f6ffentlichung mit Einwilligung der K\u00fcnstler_Innen Rubin de la Ana Lorena Caballero Ana Maria Galan Fernando Gal\u00e1n Fernando, Robin,Ricarda, Chiharu, Rubin Robin, Fernando Chiharu Rubin, Fernando","twitter:creator":"@flamenco_puro_arte","twitter:image":"https:\/\/flamenco-rubin-de-la-ana.com\/wp-content\/uploads\/2024\/12\/foto_kerem_saltuk_6.jpg"},"aioseo_meta_data":{"post_id":"2839","title":null,"description":null,"keywords":null,"keyphrases":{"focus":{"keyphrase":"","score":0,"analysis":{"keyphraseInTitle":{"score":0,"maxScore":9,"error":1}}},"additional":[]},"primary_term":null,"canonical_url":null,"og_title":null,"og_description":null,"og_object_type":"default","og_image_type":"default","og_image_url":null,"og_image_width":null,"og_image_height":null,"og_image_custom_url":null,"og_image_custom_fields":null,"og_video":"","og_custom_url":null,"og_article_section":null,"og_article_tags":null,"twitter_use_og":false,"twitter_card":"default","twitter_image_type":"default","twitter_image_url":null,"twitter_image_custom_url":null,"twitter_image_custom_fields":null,"twitter_title":null,"twitter_description":null,"schema":{"blockGraphs":[],"customGraphs":[],"default":{"data":{"Article":[],"Course":[],"Dataset":[],"FAQPage":[],"Movie":[],"Person":[],"Product":[],"ProductReview":[],"Car":[],"Recipe":[],"Service":[],"SoftwareApplication":[],"WebPage":[]},"graphName":"WebPage","isEnabled":true},"graphs":[]},"schema_type":"default","schema_type_options":null,"pillar_content":false,"robots_default":true,"robots_noindex":false,"robots_noarchive":false,"robots_nosnippet":false,"robots_nofollow":false,"robots_noimageindex":false,"robots_noodp":false,"robots_notranslate":false,"robots_max_snippet":"-1","robots_max_videopreview":"-1","robots_max_imagepreview":"large","priority":null,"frequency":"default","local_seo":null,"seo_analyzer_scan_date":"2025-11-20 18:01:03","breadcrumb_settings":null,"limit_modified_date":false,"reviewed_by":null,"open_ai":null,"ai":{"faqs":[],"keyPoints":[],"titles":[],"descriptions":[],"socialPosts":{"email":[],"linkedin":[],"twitter":[],"facebook":[],"instagram":[]}},"created":"2025-07-07 16:18:55","updated":"2025-11-27 01:03:38"},"aioseo_breadcrumb":"<div class=\"aioseo-breadcrumbs\"><span class=\"aioseo-breadcrumb\">\n\t<a href=\"https:\/\/flamenco-rubin-de-la-ana.com\" title=\"Home\">Home<\/a>\n<\/span><span class=\"aioseo-breadcrumb-separator\">&raquo;<\/span><span class=\"aioseo-breadcrumb\">\n\tGalerie Rubin de la Ana &amp; G\u00e4ste\n<\/span><\/div>","aioseo_breadcrumb_json":[{"label":"Home","link":"https:\/\/flamenco-rubin-de-la-ana.com"},{"label":"Galerie Rubin de la Ana &amp; G\u00e4ste","link":"https:\/\/flamenco-rubin-de-la-ana.com\/?page_id=2839"}],"jetpack_likes_enabled":true,"jetpack_sharing_enabled":true,"jetpack_shortlink":"https:\/\/wp.me\/PbQaOW-JN","jetpack-related-posts":[],"_links":{"self":[{"href":"https:\/\/flamenco-rubin-de-la-ana.com\/index.php?rest_route=\/wp\/v2\/pages\/2839","targetHints":{"allow":["GET"]}}],"collection":[{"href":"https:\/\/flamenco-rubin-de-la-ana.com\/index.php?rest_route=\/wp\/v2\/pages"}],"about":[{"href":"https:\/\/flamenco-rubin-de-la-ana.com\/index.php?rest_route=\/wp\/v2\/types\/page"}],"author":[{"embeddable":true,"href":"https:\/\/flamenco-rubin-de-la-ana.com\/index.php?rest_route=\/wp\/v2\/users\/182904535"}],"replies":[{"embeddable":true,"href":"https:\/\/flamenco-rubin-de-la-ana.com\/index.php?rest_route=%2Fwp%2Fv2%2Fcomments&post=2839"}],"version-history":[{"count":7,"href":"https:\/\/flamenco-rubin-de-la-ana.com\/index.php?rest_route=\/wp\/v2\/pages\/2839\/revisions"}],"predecessor-version":[{"id":3247,"href":"https:\/\/flamenco-rubin-de-la-ana.com\/index.php?rest_route=\/wp\/v2\/pages\/2839\/revisions\/3247"}],"wp:attachment":[{"href":"https:\/\/flamenco-rubin-de-la-ana.com\/index.php?rest_route=%2Fwp%2Fv2%2Fmedia&parent=2839"}],"curies":[{"name":"wp","href":"https:\/\/api.w.org\/{rel}","templated":true}]}}