{"id":153,"date":"2020-03-30T17:33:47","date_gmt":"2020-03-30T15:33:47","guid":{"rendered":"https:\/\/flamenco-rubin-de-la-ana.com\/?page_id=153"},"modified":"2026-02-05T17:26:21","modified_gmt":"2026-02-05T16:26:21","slug":"videos","status":"publish","type":"page","link":"https:\/\/flamenco-rubin-de-la-ana.com\/?page_id=153","title":{"rendered":"Videos (Ausz\u00fcge)"},"content":{"rendered":"\n<p class=\"wp-block-paragraph\">Rubin de la Ana &amp; Lorena Caballero Oktober 2024<\/p>\n\n\n\n<figure class=\"wp-block-embed is-type-video is-provider-youtube wp-block-embed-youtube wp-embed-aspect-16-9 wp-has-aspect-ratio\"><div class=\"wp-block-embed__wrapper\">\n<span class=\"embed-youtube\" style=\"text-align:center; display: block;\"><iframe loading=\"lazy\" class=\"youtube-player\" width=\"525\" height=\"296\" src=\"https:\/\/www.youtube.com\/embed\/6u-rKvNV-sc?version=3&#038;rel=1&#038;showsearch=0&#038;showinfo=1&#038;iv_load_policy=1&#038;fs=1&#038;hl=de-DE&#038;autohide=2&#038;wmode=transparent\" allowfullscreen=\"true\" style=\"border:0;\" sandbox=\"allow-scripts allow-same-origin allow-popups allow-presentation allow-popups-to-escape-sandbox\"><\/iframe><\/span>\n<\/div><\/figure>\n\n\n\n<p class=\"wp-block-paragraph\">Rubin de la Ana &amp; Ana Maria Galan Juni 2024<\/p>\n\n\n\n\t\t<figure class=\"wp-block-jetpack-videopress jetpack-videopress-player\" style=\"\" >\n\t\t\t<div class=\"jetpack-videopress-player__wrapper\"> <iframe title=\"VideoPress Video Player\" aria-label='VideoPress Video Player' width='525' height='295' src='https:\/\/videopress.com\/embed\/yCwqkAJx?cover=1&amp;autoPlay=0&amp;controls=1&amp;loop=0&amp;muted=0&amp;persistVolume=1&amp;playsinline=0&amp;preloadContent=metadata&amp;useAverageColor=1&amp;hd=0' frameborder='0' allowfullscreen data-resize-to-parent=\"true\" allow='clipboard-write'><\/iframe><script src='https:\/\/v0.wordpress.com\/js\/next\/videopress-iframe.js?m=1770107250'><\/script><\/div>\n\t\t\t\n\t\t\t\n\t\t<\/figure>\n\t\t\n\n\n<p class=\"has-medium-font-size wp-block-paragraph\"><span class=\"uppercase\">Rubin de la Ana &amp; Fernando Gal\u00e1n: Flamenco puro arte<\/span><\/p>\n\n\n\n<p class=\"wp-block-paragraph\">Live aus Trinitatis April und November 2023<\/p>\n\n\n\n\t\t<figure class=\"wp-block-jetpack-videopress jetpack-videopress-player\" style=\"\" >\n\t\t\t<div class=\"jetpack-videopress-player__wrapper\"> <iframe title=\"VideoPress Video Player\" aria-label='VideoPress Video Player' width='525' height='295' src='https:\/\/videopress.com\/embed\/vMGriB7D?cover=1&amp;autoPlay=0&amp;controls=1&amp;loop=0&amp;muted=0&amp;persistVolume=1&amp;playsinline=0&amp;preloadContent=metadata&amp;useAverageColor=1&amp;hd=0' frameborder='0' allowfullscreen data-resize-to-parent=\"true\" allow='clipboard-write'><\/iframe><script src='https:\/\/v0.wordpress.com\/js\/next\/videopress-iframe.js?m=1770107250'><\/script><\/div>\n\t\t\t<figcaption><span class=\"uppercase\"><strong>Rubin de la Ana (Gitarre, Gesang) Fernando Gal\u00e1n (Palmas, Tanz)<\/strong><\/span><\/figcaption>\n\t\t\t\n\t\t<\/figure>\n\t\t\n\n\n<figure class=\"wp-block-embed is-type-video is-provider-youtube wp-block-embed-youtube wp-embed-aspect-16-9 wp-has-aspect-ratio\"><div class=\"wp-block-embed__wrapper\">\n<span class=\"embed-youtube\" style=\"text-align:center; display: block;\"><iframe loading=\"lazy\" class=\"youtube-player\" width=\"525\" height=\"296\" src=\"https:\/\/www.youtube.com\/embed\/Yvw60FgWR_0?version=3&#038;rel=1&#038;showsearch=0&#038;showinfo=1&#038;iv_load_policy=1&#038;fs=1&#038;hl=de-DE&#038;autohide=2&#038;wmode=transparent\" allowfullscreen=\"true\" style=\"border:0;\" sandbox=\"allow-scripts allow-same-origin allow-popups allow-presentation allow-popups-to-escape-sandbox\"><\/iframe><\/span>\n<\/div><\/figure>\n\n\n\n<p class=\"wp-block-paragraph\">Live aus Trinitatis 23. April 2023<\/p>\n\n\n\n<figure class=\"wp-block-embed is-type-video is-provider-youtube wp-block-embed-youtube wp-embed-aspect-16-9 wp-has-aspect-ratio\"><div class=\"wp-block-embed__wrapper\">\n<span class=\"embed-youtube\" style=\"text-align:center; display: block;\"><iframe loading=\"lazy\" class=\"youtube-player\" width=\"525\" height=\"296\" src=\"https:\/\/www.youtube.com\/embed\/5musEixa5Bk?version=3&#038;rel=1&#038;showsearch=0&#038;showinfo=1&#038;iv_load_policy=1&#038;fs=1&#038;hl=de-DE&#038;autohide=2&#038;wmode=transparent\" allowfullscreen=\"true\" style=\"border:0;\" sandbox=\"allow-scripts allow-same-origin allow-popups allow-presentation allow-popups-to-escape-sandbox\"><\/iframe><\/span>\n<\/div><figcaption class=\"wp-element-caption\">Foto Gerald Fuest, Video Fundaci\u00f3n Pablo Horstmann<\/figcaption><\/figure>\n\n\n\n<figure class=\"wp-block-embed is-type-video is-provider-youtube wp-block-embed-youtube wp-embed-aspect-16-9 wp-has-aspect-ratio\"><div class=\"wp-block-embed__wrapper\">\n<span class=\"embed-youtube\" style=\"text-align:center; display: block;\"><iframe loading=\"lazy\" class=\"youtube-player\" width=\"525\" height=\"296\" src=\"https:\/\/www.youtube.com\/embed\/8dk3qlgVcpM?version=3&#038;rel=1&#038;showsearch=0&#038;showinfo=1&#038;iv_load_policy=1&#038;fs=1&#038;hl=de-DE&#038;autohide=2&#038;wmode=transparent\" allowfullscreen=\"true\" style=\"border:0;\" sandbox=\"allow-scripts allow-same-origin allow-popups allow-presentation allow-popups-to-escape-sandbox\"><\/iframe><\/span>\n<\/div><figcaption class=\"wp-element-caption\">Video Fundaci\u00f3n Pablo Horstmann<\/figcaption><\/figure>\n\n\n\n\n\n\n\n<p class=\"has-medium-font-size wp-block-paragraph\"><strong>SALIDAS<\/strong><\/p>\n\n\n\n<p class=\"has-small-font-size wp-block-paragraph\">Regie: Michael Fetter Nathansky<br>Produktion: Contando Films: Virginia Martin, Anna-Sophie Philippi, Michael Fetter Nathansky<\/p>\n\n\n\n<p class=\"has-normal-font-size wp-block-paragraph\">ist ein fiktiver Tanzfilm, der die Geschichte von Giralda erz\u00e4hlt, einer Bestatterin, die verstorbene Menschen in ihr Leben nach dem Tod begleitet. Mit den Mitteln des Flamenco interpretiert und im Schiffshebewerk Niederfinow angesiedelt, schafft der Film eine assoziative Verschmelzung von Nord- und S\u00fcdeuropa, Bewegung und Stille, Abschied und Ewigkeit.<\/p>\n\n\n\n<figure class=\"wp-block-video wp-block-embed is-type-video is-provider-videopress\"><div class=\"wp-block-embed__wrapper\">\n<iframe title=\"VideoPress Video Player\" aria-label='VideoPress Video Player' width='525' height='295' src='https:\/\/videopress.com\/embed\/t2RtT4k4?cover=1&amp;preloadContent=metadata&amp;hd=0' frameborder='0' allowfullscreen data-resize-to-parent=\"true\" allow='clipboard-write'><\/iframe><script src='https:\/\/v0.wordpress.com\/js\/next\/videopress-iframe.js?m=1770107250'><\/script>\n<\/div><figcaption>Ausstrahlung mit Erlaubnis von contando films<br>Musikst\u00fcck Silencio de la muerte, 4 Minuten _ K\/T Rubin de la Ana<\/figcaption><\/figure>\n\n\n\n<p class=\"wp-block-paragraph\">Tanzfilm, 10 min.<br>Regie: Michael Fetter Nathansky<br>Produzent*innen: Virginia Martin, Anna-Sophie Philippi, Michael Fetter Nathansky<br>Drehbuch: Michael Fetter Nathansky Kamera: Valentin Selmke<\/p>\n\n\n\n<p class=\"has-medium-font-size wp-block-paragraph\">Cast: u.a. Ebla Sade, Christiane &#8220;La Mona&#8221;, Salvador Vega Carrasco \u201eRubin de la Ana\u201d, Antonio Pi\u00f1era Moreno \u201ePumuki\u201d<\/p>\n\n\n\n<p class=\"has-small-font-size wp-block-paragraph\">Contando Films<\/p>\n\n\n\n<p class=\"has-small-font-size wp-block-paragraph\">gef\u00f6rdert durch das Ausw\u00e4rtige Amt aus Anlass der deutschen Ratspr\u00e4sidentschaft 2020; durchgef\u00fchrt von Deutsche Filmakademie Produktion<\/p>\n\n\n\n<p class=\"has-medium-font-size wp-block-paragraph\"><strong>Misa Flamenca mit Rubin de la Ana <\/strong><\/p>\n\n\n\n<p class=\"has-small-font-size wp-block-paragraph\" style=\"line-height:0\">Abendmesse I Gemeinschaftsprojekt von Pater M. H\u00f6sl SJ, Pfarrer in St Canisius<\/p>\n\n\n\n<p class=\"has-small-font-size wp-block-paragraph\" style=\"line-height:0\">und Rubin de la Ana, Flamenco-Gitarrist &amp; Cantaor<\/p>\n\n\n\n<p class=\"wp-block-paragraph\">Pfarrkirche St Canisius am Lietzensee, Berlin-Charlottenburg, 27. September 2020<\/p>\n\n\n\n<figure class=\"wp-block-embed is-type-video is-provider-youtube wp-block-embed-youtube wp-embed-aspect-16-9 wp-has-aspect-ratio\"><div class=\"wp-block-embed__wrapper\">\n<span class=\"embed-youtube\" style=\"text-align:center; display: block;\"><iframe loading=\"lazy\" class=\"youtube-player\" width=\"525\" height=\"296\" src=\"https:\/\/www.youtube.com\/embed\/akaTj2i6yaY?version=3&#038;rel=1&#038;showsearch=0&#038;showinfo=1&#038;iv_load_policy=1&#038;fs=1&#038;hl=de-DE&#038;autohide=2&#038;wmode=transparent\" allowfullscreen=\"true\" style=\"border:0;\" sandbox=\"allow-scripts allow-same-origin allow-popups allow-presentation allow-popups-to-escape-sandbox\"><\/iframe><\/span>\n<\/div><figcaption class=\"wp-element-caption\">Kurzvideo Misa Flamenca mit Rubin de la Ana in St Canisius, Aufnahme &amp; Schnitt Kerem Saltuk<\/figcaption><\/figure>\n\n\n\n<p class=\"has-medium-font-size wp-block-paragraph\"><strong>Flamenco_Sommerkonzert<\/strong><\/p>\n\n\n\n<p class=\"has-small-font-size wp-block-paragraph\" style=\"line-height:1.5\">Konzert f\u00fcr Gitarre &amp; Gesang, Cello, Fagott und Tanz I 27.08.2020 I St Matth\u00e4us Kirche I Aufnahme\/ Schnitt &amp; Regie: Kerem Saltuk<\/p>\n\n\n\n<figure class=\"wp-block-embed is-type-video is-provider-youtube wp-block-embed-youtube wp-embed-aspect-16-9 wp-has-aspect-ratio\"><div class=\"wp-block-embed__wrapper\">\n<span class=\"embed-youtube\" style=\"text-align:center; display: block;\"><iframe loading=\"lazy\" class=\"youtube-player\" width=\"525\" height=\"296\" src=\"https:\/\/www.youtube.com\/embed\/V9m4e_swnF4?version=3&#038;rel=1&#038;showsearch=0&#038;showinfo=1&#038;iv_load_policy=1&#038;fs=1&#038;hl=de-DE&#038;autohide=2&#038;wmode=transparent\" allowfullscreen=\"true\" style=\"border:0;\" sandbox=\"allow-scripts allow-same-origin allow-popups allow-presentation allow-popups-to-escape-sandbox\"><\/iframe><\/span>\n<\/div><figcaption class=\"wp-element-caption\">Rubin de la Ana y su compa\u00f1ia_Flamenco-Sommerkonzert 2020 Rubin de la Ana: Gitarre &amp; Gesang Selin Demirel: Cello La Mona: Fagott, Tanz Bella Paloma: Tanz<\/figcaption><\/figure>\n\n\n\n<p class=\"has-medium-font-size wp-block-paragraph\"><strong>Flamenco fusi\u00f3n<\/strong> I 8. Dezember 2019 I Trinitatis Kirche<\/p>\n\n\n\n<p class=\"has-small-font-size wp-block-paragraph\">Konzert f\u00fcr Gitarre, Cello &amp; Violine (hier Bratsche)<\/p>\n\n\n\n<p class=\"wp-block-paragraph\">Flamenco fusi\u00f3n hebt den Wert der Solo-Gitarre als Instrument hervor und l\u00e4sst traditionelle Flamenco-Kl\u00e4nge und Ges\u00e4nge mit den Klangfarben von Violine und Cello miteinander verschmelzen.<\/p>\n\n\n\n<figure class=\"wp-block-video wp-block-embed is-type-video is-provider-videopress\"><div class=\"wp-block-embed__wrapper\">\n<iframe title=\"VideoPress Video Player\" aria-label='VideoPress Video Player' width='525' height='295' src='https:\/\/videopress.com\/embed\/iURFaaXx?cover=1&amp;preloadContent=metadata&amp;hd=0' frameborder='0' allowfullscreen data-resize-to-parent=\"true\" allow='clipboard-write'><\/iframe><script src='https:\/\/v0.wordpress.com\/js\/next\/videopress-iframe.js?m=1770107250'><\/script>\n<\/div><\/figure>\n\n\n\n<p class=\"wp-block-paragraph\">Zugabe Flamenco Klangwelten, Auszug Concierto de Aranjuez von Joaqu\u00edn Rodrigo: K\u00fcnstler Rubin de la Ana (Gitarre), Selin Demirel (Cello), David Rodauce (Viola)<\/p>\n\n\n\n<figure class=\"wp-block-video wp-block-embed is-type-video is-provider-videopress\"><div class=\"wp-block-embed__wrapper\">\n<iframe title=\"VideoPress Video Player\" aria-label='VideoPress Video Player' width='525' height='295' src='https:\/\/videopress.com\/embed\/15EBXyla?cover=1&amp;preloadContent=metadata&amp;hd=0' frameborder='0' allowfullscreen data-resize-to-parent=\"true\" allow='clipboard-write'><\/iframe><script src='https:\/\/v0.wordpress.com\/js\/next\/videopress-iframe.js?m=1770107250'><\/script>\n<\/div><\/figure>\n\n\n\n<p class=\"wp-block-paragraph\">&nbsp;<\/p>\n\n\n\n<p class=\"has-medium-font-size wp-block-paragraph\">&nbsp;<\/p>\n\n\n\n<p class=\"has-small-font-size wp-block-paragraph\">&nbsp;<\/p>\n\n\n\n<p class=\"wp-block-paragraph\">&nbsp;<\/p>\n","protected":false},"excerpt":{"rendered":"<p>Rubin de la Ana &amp; Lorena Caballero Oktober 2024 Rubin de la Ana &amp; Ana Maria Galan Juni 2024 Rubin de la Ana &amp; Fernando Gal\u00e1n: Flamenco puro arte Live aus Trinitatis April und November 2023 Live aus Trinitatis 23. April 2023 SALIDAS Regie: Michael Fetter NathanskyProduktion: Contando Films: Virginia Martin, Anna-Sophie Philippi, Michael Fetter &hellip; <\/p>\n<p class=\"link-more\"><a href=\"https:\/\/flamenco-rubin-de-la-ana.com\/?page_id=153\" class=\"more-link\"><span class=\"screen-reader-text\">\u201eVideos (Ausz\u00fcge)\u201c<\/span> weiterlesen<\/a><\/p>\n","protected":false},"author":182904535,"featured_media":3062,"parent":0,"menu_order":0,"comment_status":"closed","ping_status":"closed","template":"","meta":{"_coblocks_attr":"","_coblocks_dimensions":"","_coblocks_responsive_height":"","_coblocks_accordion_ie_support":"","_crdt_document":"","footnotes":""},"class_list":["post-153","page","type-page","status-publish","has-post-thumbnail","hentry"],"aioseo_notices":[],"aioseo_head":"\n\t\t<!-- All in One SEO Pro 4.9.7 - aioseo.com -->\n\t<meta name=\"description\" content=\"Rubin de la Ana &amp; Lorena Caballero Oktober 2024 Rubin de la Ana &amp; Ana Maria Galan Juni 2024 Rubin de la Ana &amp; Fernando Gal\u00e1n: Flamenco puro arte Live aus Trinitatis April und November 2023 Live aus Trinitatis 23. April 2023 SALIDAS Regie: Michael Fetter NathanskyProduktion: Contando Films: Virginia Martin, Anna-Sophie Philippi, Michael Fetter\" \/>\n\t<meta name=\"robots\" content=\"max-image-preview:large\" \/>\n\t<meta name=\"google-site-verification\" content=\"ktPnRl39mkuKUpI326B_0fwNEqpuw_sJbJu7BUxzxBU\" \/>\n\t<link rel=\"canonical\" href=\"https:\/\/flamenco-rubin-de-la-ana.com\/?page_id=153\" \/>\n\t<meta name=\"generator\" content=\"All in One SEO Pro (AIOSEO) 4.9.7\" \/>\n\t\t<meta property=\"og:locale\" content=\"de_DE\" \/>\n\t\t<meta property=\"og:site_name\" content=\"Rubin de la Ana, Flamenco K\u00fcnstler aus Jerez (C\u00e1diz) \u2013 guitarrista y cantaor flamenco, compositor\" \/>\n\t\t<meta property=\"og:type\" content=\"article\" \/>\n\t\t<meta property=\"og:title\" content=\"Videos (Ausz\u00fcge) \u2013 Rubin de la Ana, Flamenco K\u00fcnstler aus Jerez (C\u00e1diz)\" \/>\n\t\t<meta property=\"og:description\" content=\"Rubin de la Ana &amp; Lorena Caballero Oktober 2024 Rubin de la Ana &amp; Ana Maria Galan Juni 2024 Rubin de la Ana &amp; Fernando Gal\u00e1n: Flamenco puro arte Live aus Trinitatis April und November 2023 Live aus Trinitatis 23. April 2023 SALIDAS Regie: Michael Fetter NathanskyProduktion: Contando Films: Virginia Martin, Anna-Sophie Philippi, Michael Fetter\" \/>\n\t\t<meta property=\"og:url\" content=\"https:\/\/flamenco-rubin-de-la-ana.com\/?page_id=153\" \/>\n\t\t<meta property=\"og:image\" content=\"https:\/\/flamenco-rubin-de-la-ana.com\/wp-content\/uploads\/2024\/12\/foto_kerem_saltuk_6.jpg\" \/>\n\t\t<meta property=\"og:image:secure_url\" content=\"https:\/\/flamenco-rubin-de-la-ana.com\/wp-content\/uploads\/2024\/12\/foto_kerem_saltuk_6.jpg\" \/>\n\t\t<meta property=\"og:image:width\" content=\"8256\" \/>\n\t\t<meta property=\"og:image:height\" content=\"5504\" \/>\n\t\t<meta property=\"article:published_time\" content=\"2020-03-30T15:33:47+00:00\" \/>\n\t\t<meta property=\"article:modified_time\" content=\"2026-02-05T16:26:21+00:00\" \/>\n\t\t<meta property=\"article:publisher\" content=\"https:\/\/facebook.com\/flamenco_puro_arte\" \/>\n\t\t<meta name=\"twitter:card\" content=\"summary_large_image\" \/>\n\t\t<meta name=\"twitter:site\" content=\"@flamenco_puro_arte\" \/>\n\t\t<meta name=\"twitter:title\" content=\"Videos (Ausz\u00fcge) \u2013 Rubin de la Ana, Flamenco K\u00fcnstler aus Jerez (C\u00e1diz)\" \/>\n\t\t<meta name=\"twitter:description\" content=\"Rubin de la Ana &amp; Lorena Caballero Oktober 2024 Rubin de la Ana &amp; Ana Maria Galan Juni 2024 Rubin de la Ana &amp; Fernando Gal\u00e1n: Flamenco puro arte Live aus Trinitatis April und November 2023 Live aus Trinitatis 23. April 2023 SALIDAS Regie: Michael Fetter NathanskyProduktion: Contando Films: Virginia Martin, Anna-Sophie Philippi, Michael Fetter\" \/>\n\t\t<meta name=\"twitter:creator\" content=\"@flamenco_puro_arte\" \/>\n\t\t<meta name=\"twitter:image\" content=\"https:\/\/flamenco-rubin-de-la-ana.com\/wp-content\/uploads\/2024\/12\/foto_kerem_saltuk_6.jpg\" \/>\n\t\t<!-- All in One SEO Pro -->\r\n\t\t<title>Videos (Ausz\u00fcge) \u2013 Rubin de la Ana, Flamenco K\u00fcnstler aus Jerez (C\u00e1diz)<\/title>\n\n","aioseo_head_json":{"title":"Videos (Ausz\u00fcge) \u2013 Rubin de la Ana, Flamenco K\u00fcnstler aus Jerez (C\u00e1diz)","description":"Rubin de la Ana & Lorena Caballero Oktober 2024 Rubin de la Ana & Ana Maria Galan Juni 2024 Rubin de la Ana & Fernando Gal\u00e1n: Flamenco puro arte Live aus Trinitatis April und November 2023 Live aus Trinitatis 23. April 2023 SALIDAS Regie: Michael Fetter NathanskyProduktion: Contando Films: Virginia Martin, Anna-Sophie Philippi, Michael Fetter","canonical_url":"https:\/\/flamenco-rubin-de-la-ana.com\/?page_id=153","robots":"max-image-preview:large","keywords":"","webmasterTools":{"google-site-verification":"ktPnRl39mkuKUpI326B_0fwNEqpuw_sJbJu7BUxzxBU","miscellaneous":""},"schema":null,"og:locale":"de_DE","og:site_name":"Rubin de la Ana, Flamenco K\u00fcnstler aus Jerez (C\u00e1diz) \u2013 guitarrista y cantaor flamenco, compositor","og:type":"article","og:title":"Videos (Ausz\u00fcge) \u2013 Rubin de la Ana, Flamenco K\u00fcnstler aus Jerez (C\u00e1diz)","og:description":"Rubin de la Ana &amp; Lorena Caballero Oktober 2024 Rubin de la Ana &amp; Ana Maria Galan Juni 2024 Rubin de la Ana &amp; Fernando Gal\u00e1n: Flamenco puro arte Live aus Trinitatis April und November 2023 Live aus Trinitatis 23. April 2023 SALIDAS Regie: Michael Fetter NathanskyProduktion: Contando Films: Virginia Martin, Anna-Sophie Philippi, Michael Fetter","og:url":"https:\/\/flamenco-rubin-de-la-ana.com\/?page_id=153","og:image":"https:\/\/flamenco-rubin-de-la-ana.com\/wp-content\/uploads\/2024\/12\/foto_kerem_saltuk_6.jpg","og:image:secure_url":"https:\/\/flamenco-rubin-de-la-ana.com\/wp-content\/uploads\/2024\/12\/foto_kerem_saltuk_6.jpg","og:image:width":8256,"og:image:height":5504,"article:published_time":"2020-03-30T15:33:47+00:00","article:modified_time":"2026-02-05T16:26:21+00:00","article:publisher":"https:\/\/facebook.com\/flamenco_puro_arte","twitter:card":"summary_large_image","twitter:site":"@flamenco_puro_arte","twitter:title":"Videos (Ausz\u00fcge) \u2013 Rubin de la Ana, Flamenco K\u00fcnstler aus Jerez (C\u00e1diz)","twitter:description":"Rubin de la Ana &amp; Lorena Caballero Oktober 2024 Rubin de la Ana &amp; Ana Maria Galan Juni 2024 Rubin de la Ana &amp; Fernando Gal\u00e1n: Flamenco puro arte Live aus Trinitatis April und November 2023 Live aus Trinitatis 23. April 2023 SALIDAS Regie: Michael Fetter NathanskyProduktion: Contando Films: Virginia Martin, Anna-Sophie Philippi, Michael Fetter","twitter:creator":"@flamenco_puro_arte","twitter:image":"https:\/\/flamenco-rubin-de-la-ana.com\/wp-content\/uploads\/2024\/12\/foto_kerem_saltuk_6.jpg"},"aioseo_meta_data":{"post_id":"153","title":null,"description":null,"keywords":null,"keyphrases":{"focus":{"keyphrase":"","score":0,"analysis":{"keyphraseInTitle":{"score":0,"maxScore":9,"error":1}}},"additional":[]},"primary_term":null,"canonical_url":null,"og_title":null,"og_description":null,"og_object_type":"default","og_image_type":"default","og_image_url":null,"og_image_width":null,"og_image_height":null,"og_image_custom_url":null,"og_image_custom_fields":null,"og_video":"","og_custom_url":null,"og_article_section":null,"og_article_tags":null,"twitter_use_og":false,"twitter_card":"default","twitter_image_type":"default","twitter_image_url":null,"twitter_image_custom_url":null,"twitter_image_custom_fields":null,"twitter_title":null,"twitter_description":null,"schema":{"blockGraphs":[],"customGraphs":[],"default":{"data":{"Article":[],"Course":[],"Dataset":[],"FAQPage":[],"Movie":[],"Person":[],"Product":[],"ProductReview":[],"Car":[],"Recipe":[],"Service":[],"SoftwareApplication":[],"WebPage":[]},"graphName":"WebPage","isEnabled":true},"graphs":[]},"schema_type":"default","schema_type_options":null,"pillar_content":false,"robots_default":true,"robots_noindex":false,"robots_noarchive":false,"robots_nosnippet":false,"robots_nofollow":false,"robots_noimageindex":false,"robots_noodp":false,"robots_notranslate":false,"robots_max_snippet":"-1","robots_max_videopreview":"-1","robots_max_imagepreview":"large","priority":null,"frequency":"default","local_seo":null,"seo_analyzer_scan_date":"2026-02-05 16:35:05","breadcrumb_settings":null,"limit_modified_date":false,"reviewed_by":"0","open_ai":null,"ai":{"faqs":[],"keyPoints":[],"titles":[],"descriptions":[],"socialPosts":{"email":[],"linkedin":[],"twitter":[],"facebook":[],"instagram":[]}},"created":"2025-07-07 16:18:54","updated":"2026-02-05 16:38:03"},"aioseo_breadcrumb":"<div class=\"aioseo-breadcrumbs\"><span class=\"aioseo-breadcrumb\">\n\t<a href=\"https:\/\/flamenco-rubin-de-la-ana.com\" title=\"Home\">Home<\/a>\n<\/span><span class=\"aioseo-breadcrumb-separator\">&raquo;<\/span><span class=\"aioseo-breadcrumb\">\n\tVideos (Ausz\u00fcge)\n<\/span><\/div>","aioseo_breadcrumb_json":[{"label":"Home","link":"https:\/\/flamenco-rubin-de-la-ana.com"},{"label":"Videos (Ausz\u00fcge)","link":"https:\/\/flamenco-rubin-de-la-ana.com\/?page_id=153"}],"jetpack_likes_enabled":true,"jetpack_sharing_enabled":true,"jetpack_shortlink":"https:\/\/wp.me\/PbQaOW-2t","jetpack-related-posts":[],"_links":{"self":[{"href":"https:\/\/flamenco-rubin-de-la-ana.com\/index.php?rest_route=\/wp\/v2\/pages\/153","targetHints":{"allow":["GET"]}}],"collection":[{"href":"https:\/\/flamenco-rubin-de-la-ana.com\/index.php?rest_route=\/wp\/v2\/pages"}],"about":[{"href":"https:\/\/flamenco-rubin-de-la-ana.com\/index.php?rest_route=\/wp\/v2\/types\/page"}],"author":[{"embeddable":true,"href":"https:\/\/flamenco-rubin-de-la-ana.com\/index.php?rest_route=\/wp\/v2\/users\/182904535"}],"replies":[{"embeddable":true,"href":"https:\/\/flamenco-rubin-de-la-ana.com\/index.php?rest_route=%2Fwp%2Fv2%2Fcomments&post=153"}],"version-history":[{"count":32,"href":"https:\/\/flamenco-rubin-de-la-ana.com\/index.php?rest_route=\/wp\/v2\/pages\/153\/revisions"}],"predecessor-version":[{"id":3858,"href":"https:\/\/flamenco-rubin-de-la-ana.com\/index.php?rest_route=\/wp\/v2\/pages\/153\/revisions\/3858"}],"wp:featuredmedia":[{"embeddable":true,"href":"https:\/\/flamenco-rubin-de-la-ana.com\/index.php?rest_route=\/wp\/v2\/media\/3062"}],"wp:attachment":[{"href":"https:\/\/flamenco-rubin-de-la-ana.com\/index.php?rest_route=%2Fwp%2Fv2%2Fmedia&parent=153"}],"curies":[{"name":"wp","href":"https:\/\/api.w.org\/{rel}","templated":true}]}}