{"id":102,"date":"2020-03-29T23:43:55","date_gmt":"2020-03-29T21:43:55","guid":{"rendered":"https:\/\/flamenco-rubin-de-la-ana.com\/?page_id=102"},"modified":"2026-02-15T00:19:33","modified_gmt":"2026-02-14T23:19:33","slug":"musikalische-kurzbiographie-2","status":"publish","type":"page","link":"https:\/\/flamenco-rubin-de-la-ana.com\/?page_id=102","title":{"rendered":"Musikalische Kurzbiographie"},"content":{"rendered":"<div class=\"wp-block-image\">\r\n<figure class=\"alignleft size-large is-resized\"><img data-recalc-dims=\"1\" loading=\"lazy\" decoding=\"async\" data-attachment-id=\"168\" data-permalink=\"https:\/\/flamenco-rubin-de-la-ana.com\/?attachment_id=168\" data-orig-file=\"https:\/\/i0.wp.com\/flamenco-rubin-de-la-ana.com\/wp-content\/uploads\/2020\/03\/image.png?fit=337%2C366&amp;ssl=1\" data-orig-size=\"337,366\" data-comments-opened=\"1\" data-image-meta=\"{&quot;aperture&quot;:&quot;0&quot;,&quot;credit&quot;:&quot;&quot;,&quot;camera&quot;:&quot;&quot;,&quot;caption&quot;:&quot;&quot;,&quot;created_timestamp&quot;:&quot;0&quot;,&quot;copyright&quot;:&quot;&quot;,&quot;focal_length&quot;:&quot;0&quot;,&quot;iso&quot;:&quot;0&quot;,&quot;shutter_speed&quot;:&quot;0&quot;,&quot;title&quot;:&quot;&quot;,&quot;orientation&quot;:&quot;0&quot;}\" data-image-title=\"image\" data-image-description=\"\" data-image-caption=\"\" data-large-file=\"https:\/\/i0.wp.com\/flamenco-rubin-de-la-ana.com\/wp-content\/uploads\/2020\/03\/image.png?fit=337%2C366&amp;ssl=1\" class=\"wp-image-168\" src=\"https:\/\/i0.wp.com\/flamenco-rubin-de-la-ana.com\/wp-content\/uploads\/2020\/03\/image.png?resize=241%2C263&#038;ssl=1\" alt=\"\" width=\"241\" height=\"263\" \/>\r\n<figcaption class=\"wp-element-caption\"><em>Foto: cjhoffmann.de<\/em><\/figcaption>\r\n<\/figure>\r\n<\/div>\r\n\r\n\r\n<p class=\"wp-block-paragraph\">&nbsp;<\/p>\r\n\r\n\r\n\r\n<p class=\"wp-block-paragraph\">\u201eRubin entlockt der Gitarre die sch\u00f6nsten T\u00f6ne\u201c schrieb Manolo Lia\u00f1o in seiner Kolumne im Diario de Jerez bereits 1992.<\/p>\r\n<p>Lia\u00f1o sah in Rub\u00edn jemanden, der die &#8220;Essenz der Viertel&#8221; (Santiago und San Miguel) in die moderne Zeit trug \u2013 ein Kriterium, das f\u00fcr ihn in der Bewertung von Gitarristen oberste Priorit\u00e4t hatte.<\/p>\r\n\r\n\r\n\r\n<p class=\"wp-block-paragraph\">Damals wie heute begeistert der international anerkannte Flamenco-Gitarrist und S\u00e4nger aus Jerez de la Frontera seine Zuh\u00f6rer f\u00fcr den Flamenco puro mit filigranen Akkorden, kunstfertigen L\u00e4ufen, fortissimo hervorgehobenen einzelnen T\u00f6nen auf der Gitarre. Mit seiner tief kehligen, ausdrucksstarken und wohl temperierten Stimme offenbart er uns einen ganz intimen Zugang zum Flamenco-Gesang und seinen einzigartigen Gesangstechniken.<\/p>\r\n\r\n\r\n\r\n<p class=\"wp-block-paragraph\"><strong>Rubin de la Ana<\/strong>, mit b\u00fcrgerlichem Namen Salvador Vega Carrasco, ist ein zeitgen\u00f6ssischer spanischer Flamenco &#8211; Gitarrist und S\u00e4nger. Geboren und aufgewachsen in Jerez de la Frontera im Barrio Santiago, einem Ort mit Flamenco-Tradition als Sohn Ana Carrascos\u2018 \u2013 bailaora y cantaora flamenco.<\/p>\r\n<p>In seinem siebten Lebensjahrs beginnt seine Mutter Ana ihm die begleitenden Rhythmen und Takte (compases) und Palos del flamenco zu lehren. Die Mutter bemerkt seine Begabung und schickt ihn zum Gesangsunterricht in die Kirche. So erh\u00e4lt Salvador eine dreij\u00e4hrige Grundausbildung f\u00fcr religi\u00f6se Ges\u00e4nge (Cantos religi\u00f6ses).<\/p>\r\n<p>Im selben Jahr (1970) beginnt Rafa\u00e9l Aguilar dem Jungen das Gitarrenspiel zu lehren. Salvador hat Talaent und Rafa\u00e9l Aguilar weckt in ihm die Begeisterung f\u00fcr das traditionelle Gitarrenspiel und den Gesang. Es ist der Beginn einer mehr als zehnj\u00e4hrigen Ausbildung zum Flamenco-Gitarristen und S\u00e4nger. Salvador erh\u00e4lt Unterricht von den Br\u00fcdern Ni\u00f1o und Antonio Jero, Pedro Carrasco, Jos\u00e9 Luis Balao, Carabonero, Manuel Lozano und Antiono del Canto.<\/p>\r\n<p>Mit F\u00fcnfzehn begleitet er bereits Ausbildungsklassen an der Academia de Baile Juan Parra (1975 \u2013 1987). Mit Sechszehn hat erste Auftritte in den Pe\u00f1as, Tablaos und Clubs von Jerez, darunter die Pe\u00f1a Flamenca La Buleria, Pe\u00f1a Flamenca Los Cern\u00edcalos, der Flamenco Club Tio Jose de Paula, die Pe\u00f1a Flamenca Buena Gente, der Flamenco Club &#8220;El Pescaero&#8221;, die Pe\u00f1a flamenca Luis de la Pica, Tablao Flamenco Puro Arte und die Pe\u00f1a Flamenca &#8220;La Zua&#8221; um nur einige zu nennen.\u00a0<\/p>\r\n<p>Mit Siebzehn deb\u00fctierte er als Flamenco-Gitarrist an der Seite der passionierten und hoch gesch\u00e4tzten Cantaores Fernando Terremoto Hijo und Macarena de Jerez. Es folgen Konzerte an der Seite von Paco G\u00e0lvez. \u00a0Ab 1984 fordern ihn Tanzensembles aus Spanien, Deutschland und der Schweiz an.<\/p>\r\n<p>Anfang der 1990er spielt er unter der k\u00fcnstlerischen Leitung von und mit Antonio Gallardo Molina y sus gitanos dando vida a \u201eJerez y sus cantes\u201c. Gallardo Molinas handverlesene Talente sind Alvaro Aguilar (cantaor), Rub\u00edn (guitarra), Rosita de la Rivera y Fernando Gal\u00e1n (baile). Sie treten im Gran Teatro de Falla in Cad\u00edz, im Teatro Villamarta von Jerez auf. 1992 und 1995 f\u00fchren Tourneen die Jungen nach Finnland (Helsinki, Turku, Oulu) und Japan (Tokio). In Finnland entwickelt sich eine fruchtbare Zusammenarbeit mit dort ans\u00e4ssigen Flamencoschulen.<\/p>\r\n<p>Die 1990er f\u00fchren ihn auf die B\u00fchnen in ganz Europa, u.a. in den \u00a0Admiralspalast, den KMS der Philharmonie\/Berlin, den Tr\u00e4nenpalast, in The S\u00e1mi national theatre Beaivv\u00e1\u0161 in Kautokeino\/Norwegen und ins ONEX in Genf\/Schweiz; als cantaor y guitarrista wiederholt in den Kammermusiksaal der Berliner Philharmoniker, in die Filharmonia Wroclaw, ins IKC ufaFabrik, ins Hamburger Sprechwerk, Dresdner Taschenbergpalais\u00a0u.v.a.m. Konzertreisen f\u00fchren ihn u.a. nach Finnland (Helsinki, Turku, Oulu und Tempere), Japan (Tokio), Indonesien, die Vereinigten Arabischen Emirate, Marokko, Norwegen, Frankreich, Portugal, Griechenland, Polen.<\/p>\r\n<p>Seit 1984 arbeitet er mit Tanzakademien und Schulen, Tanzkompanien in Spanien, Deutschland, Polen und in der Schweiz.<\/p>\r\n<p>Rubin de la Ana verlegte 1998 seinen Wohnsitz nach Berlin.\u00a0<\/p>\r\n\r\n\r\n\r\n<p class=\"wp-block-paragraph\">&nbsp;<\/p>\r\n\r\n\r\n\r\n<p class=\"wp-block-paragraph\">&nbsp;<\/p>\r\n\r\n\r\n\r\n<p class=\"wp-block-paragraph\">&nbsp;<\/p>\r\n\r\n\r\n\r\n<p class=\"wp-block-paragraph\">&nbsp;<\/p>\r\n\r\n\r\n\r\n<p class=\"wp-block-paragraph\">&nbsp;<\/p>\r\n\r\n\r\n\r\n<p class=\"wp-block-paragraph\">&nbsp;<\/p>\r\n\r\n\r\n\r\n<p class=\"wp-block-paragraph\">&nbsp;<\/p>\r\n","protected":false},"excerpt":{"rendered":"<p>&nbsp; \u201eRubin entlockt der Gitarre die sch\u00f6nsten T\u00f6ne\u201c schrieb Manolo Lia\u00f1o in seiner Kolumne im Diario de Jerez bereits 1992. Lia\u00f1o sah in Rub\u00edn jemanden, der die &#8220;Essenz der Viertel&#8221; (Santiago und San Miguel) in die moderne Zeit trug \u2013 ein Kriterium, das f\u00fcr ihn in der Bewertung von Gitarristen oberste Priorit\u00e4t hatte. Damals wie &hellip; <\/p>\n<p class=\"link-more\"><a href=\"https:\/\/flamenco-rubin-de-la-ana.com\/?page_id=102\" class=\"more-link\"><span class=\"screen-reader-text\">\u201eMusikalische Kurzbiographie\u201c<\/span> weiterlesen<\/a><\/p>\n","protected":false},"author":182904535,"featured_media":0,"parent":0,"menu_order":0,"comment_status":"closed","ping_status":"closed","template":"","meta":{"_coblocks_attr":"","_coblocks_dimensions":"","_coblocks_responsive_height":"","_coblocks_accordion_ie_support":"","_crdt_document":"","footnotes":""},"class_list":["post-102","page","type-page","status-publish","hentry"],"aioseo_notices":[],"aioseo_head":"\n\t\t<!-- All in One SEO Pro 4.9.7 - aioseo.com -->\n\t<meta name=\"description\" content=\"\u201eRubin entlockt der Gitarre die sch\u00f6nsten T\u00f6ne\u201c schrieb Manolo Lia\u00f1o in seiner Kolumne im Diario de Jerez bereits 1992. Lia\u00f1o sah in Rub\u00edn jemanden, der die &quot;Essenz der Viertel&quot; (Santiago und San Miguel) in die moderne Zeit trug \u2013 ein Kriterium, das f\u00fcr ihn in der Bewertung von Gitarristen oberste Priorit\u00e4t hatte. Damals wie\" \/>\n\t<meta name=\"robots\" content=\"max-image-preview:large\" \/>\n\t<meta name=\"google-site-verification\" content=\"ktPnRl39mkuKUpI326B_0fwNEqpuw_sJbJu7BUxzxBU\" \/>\n\t<link rel=\"canonical\" href=\"https:\/\/flamenco-rubin-de-la-ana.com\/?page_id=102\" \/>\n\t<meta name=\"generator\" content=\"All in One SEO Pro (AIOSEO) 4.9.7\" \/>\n\t\t<meta property=\"og:locale\" content=\"de_DE\" \/>\n\t\t<meta property=\"og:site_name\" content=\"Rubin de la Ana, Flamenco K\u00fcnstler aus Jerez (C\u00e1diz) \u2013 guitarrista y cantaor flamenco, compositor\" \/>\n\t\t<meta property=\"og:type\" content=\"article\" \/>\n\t\t<meta property=\"og:title\" content=\"Musikalische Kurzbiographie \u2013 Rubin de la Ana, Flamenco K\u00fcnstler aus Jerez (C\u00e1diz)\" \/>\n\t\t<meta property=\"og:description\" content=\"\u201eRubin entlockt der Gitarre die sch\u00f6nsten T\u00f6ne\u201c schrieb Manolo Lia\u00f1o in seiner Kolumne im Diario de Jerez bereits 1992. Lia\u00f1o sah in Rub\u00edn jemanden, der die &quot;Essenz der Viertel&quot; (Santiago und San Miguel) in die moderne Zeit trug \u2013 ein Kriterium, das f\u00fcr ihn in der Bewertung von Gitarristen oberste Priorit\u00e4t hatte. Damals wie\" \/>\n\t\t<meta property=\"og:url\" content=\"https:\/\/flamenco-rubin-de-la-ana.com\/?page_id=102\" \/>\n\t\t<meta property=\"og:image\" content=\"https:\/\/flamenco-rubin-de-la-ana.com\/wp-content\/uploads\/2024\/12\/foto_kerem_saltuk_6.jpg\" \/>\n\t\t<meta property=\"og:image:secure_url\" content=\"https:\/\/flamenco-rubin-de-la-ana.com\/wp-content\/uploads\/2024\/12\/foto_kerem_saltuk_6.jpg\" \/>\n\t\t<meta property=\"og:image:width\" content=\"8256\" \/>\n\t\t<meta property=\"og:image:height\" content=\"5504\" \/>\n\t\t<meta property=\"article:published_time\" content=\"2020-03-29T21:43:55+00:00\" \/>\n\t\t<meta property=\"article:modified_time\" content=\"2026-02-14T23:19:33+00:00\" \/>\n\t\t<meta property=\"article:publisher\" content=\"https:\/\/facebook.com\/flamenco_puro_arte\" \/>\n\t\t<meta name=\"twitter:card\" content=\"summary_large_image\" \/>\n\t\t<meta name=\"twitter:site\" content=\"@flamenco_puro_arte\" \/>\n\t\t<meta name=\"twitter:title\" content=\"Musikalische Kurzbiographie \u2013 Rubin de la Ana, Flamenco K\u00fcnstler aus Jerez (C\u00e1diz)\" \/>\n\t\t<meta name=\"twitter:description\" content=\"\u201eRubin entlockt der Gitarre die sch\u00f6nsten T\u00f6ne\u201c schrieb Manolo Lia\u00f1o in seiner Kolumne im Diario de Jerez bereits 1992. Lia\u00f1o sah in Rub\u00edn jemanden, der die &quot;Essenz der Viertel&quot; (Santiago und San Miguel) in die moderne Zeit trug \u2013 ein Kriterium, das f\u00fcr ihn in der Bewertung von Gitarristen oberste Priorit\u00e4t hatte. Damals wie\" \/>\n\t\t<meta name=\"twitter:creator\" content=\"@flamenco_puro_arte\" \/>\n\t\t<meta name=\"twitter:image\" content=\"https:\/\/flamenco-rubin-de-la-ana.com\/wp-content\/uploads\/2024\/12\/foto_kerem_saltuk_6.jpg\" \/>\n\t\t<!-- All in One SEO Pro -->\r\n\t\t<title>Musikalische Kurzbiographie \u2013 Rubin de la Ana, Flamenco K\u00fcnstler aus Jerez (C\u00e1diz)<\/title>\n\n","aioseo_head_json":{"title":"Musikalische Kurzbiographie \u2013 Rubin de la Ana, Flamenco K\u00fcnstler aus Jerez (C\u00e1diz)","description":"\u201eRubin entlockt der Gitarre die sch\u00f6nsten T\u00f6ne\u201c schrieb Manolo Lia\u00f1o in seiner Kolumne im Diario de Jerez bereits 1992. Lia\u00f1o sah in Rub\u00edn jemanden, der die \"Essenz der Viertel\" (Santiago und San Miguel) in die moderne Zeit trug \u2013 ein Kriterium, das f\u00fcr ihn in der Bewertung von Gitarristen oberste Priorit\u00e4t hatte. Damals wie","canonical_url":"https:\/\/flamenco-rubin-de-la-ana.com\/?page_id=102","robots":"max-image-preview:large","keywords":"","webmasterTools":{"google-site-verification":"ktPnRl39mkuKUpI326B_0fwNEqpuw_sJbJu7BUxzxBU","miscellaneous":""},"schema":null,"og:locale":"de_DE","og:site_name":"Rubin de la Ana, Flamenco K\u00fcnstler aus Jerez (C\u00e1diz) \u2013 guitarrista y cantaor flamenco, compositor","og:type":"article","og:title":"Musikalische Kurzbiographie \u2013 Rubin de la Ana, Flamenco K\u00fcnstler aus Jerez (C\u00e1diz)","og:description":"\u201eRubin entlockt der Gitarre die sch\u00f6nsten T\u00f6ne\u201c schrieb Manolo Lia\u00f1o in seiner Kolumne im Diario de Jerez bereits 1992. Lia\u00f1o sah in Rub\u00edn jemanden, der die &quot;Essenz der Viertel&quot; (Santiago und San Miguel) in die moderne Zeit trug \u2013 ein Kriterium, das f\u00fcr ihn in der Bewertung von Gitarristen oberste Priorit\u00e4t hatte. Damals wie","og:url":"https:\/\/flamenco-rubin-de-la-ana.com\/?page_id=102","og:image":"https:\/\/flamenco-rubin-de-la-ana.com\/wp-content\/uploads\/2024\/12\/foto_kerem_saltuk_6.jpg","og:image:secure_url":"https:\/\/flamenco-rubin-de-la-ana.com\/wp-content\/uploads\/2024\/12\/foto_kerem_saltuk_6.jpg","og:image:width":8256,"og:image:height":5504,"article:published_time":"2020-03-29T21:43:55+00:00","article:modified_time":"2026-02-14T23:19:33+00:00","article:publisher":"https:\/\/facebook.com\/flamenco_puro_arte","twitter:card":"summary_large_image","twitter:site":"@flamenco_puro_arte","twitter:title":"Musikalische Kurzbiographie \u2013 Rubin de la Ana, Flamenco K\u00fcnstler aus Jerez (C\u00e1diz)","twitter:description":"\u201eRubin entlockt der Gitarre die sch\u00f6nsten T\u00f6ne\u201c schrieb Manolo Lia\u00f1o in seiner Kolumne im Diario de Jerez bereits 1992. Lia\u00f1o sah in Rub\u00edn jemanden, der die &quot;Essenz der Viertel&quot; (Santiago und San Miguel) in die moderne Zeit trug \u2013 ein Kriterium, das f\u00fcr ihn in der Bewertung von Gitarristen oberste Priorit\u00e4t hatte. Damals wie","twitter:creator":"@flamenco_puro_arte","twitter:image":"https:\/\/flamenco-rubin-de-la-ana.com\/wp-content\/uploads\/2024\/12\/foto_kerem_saltuk_6.jpg"},"aioseo_meta_data":{"post_id":"102","title":null,"description":null,"keywords":null,"keyphrases":{"focus":{"keyphrase":"","score":0,"analysis":{"keyphraseInTitle":{"score":0,"maxScore":9,"error":1}}},"additional":[]},"primary_term":null,"canonical_url":null,"og_title":null,"og_description":null,"og_object_type":"default","og_image_type":"default","og_image_url":null,"og_image_width":null,"og_image_height":null,"og_image_custom_url":null,"og_image_custom_fields":null,"og_video":"","og_custom_url":null,"og_article_section":null,"og_article_tags":null,"twitter_use_og":false,"twitter_card":"default","twitter_image_type":"default","twitter_image_url":null,"twitter_image_custom_url":null,"twitter_image_custom_fields":null,"twitter_title":null,"twitter_description":null,"schema":{"blockGraphs":[],"customGraphs":[],"default":{"data":{"Article":[],"Course":[],"Dataset":[],"FAQPage":[],"Movie":[],"Person":[],"Product":[],"ProductReview":[],"Car":[],"Recipe":[],"Service":[],"SoftwareApplication":[],"WebPage":[]},"graphName":"WebPage","isEnabled":true},"graphs":[]},"schema_type":"default","schema_type_options":null,"pillar_content":false,"robots_default":true,"robots_noindex":false,"robots_noarchive":false,"robots_nosnippet":false,"robots_nofollow":false,"robots_noimageindex":false,"robots_noodp":false,"robots_notranslate":false,"robots_max_snippet":"-1","robots_max_videopreview":"-1","robots_max_imagepreview":"large","priority":null,"frequency":"default","local_seo":null,"seo_analyzer_scan_date":"2026-02-14 23:22:49","breadcrumb_settings":null,"limit_modified_date":false,"reviewed_by":null,"open_ai":null,"ai":{"faqs":[],"keyPoints":[],"titles":[],"descriptions":[],"socialPosts":{"email":[],"linkedin":[],"twitter":[],"facebook":[],"instagram":[]}},"created":"2025-07-07 16:18:54","updated":"2026-02-14 23:22:49"},"aioseo_breadcrumb":"<div class=\"aioseo-breadcrumbs\"><span class=\"aioseo-breadcrumb\">\n\t<a href=\"https:\/\/flamenco-rubin-de-la-ana.com\" title=\"Home\">Home<\/a>\n<\/span><span class=\"aioseo-breadcrumb-separator\">&raquo;<\/span><span class=\"aioseo-breadcrumb\">\n\tMusikalische Kurzbiographie\n<\/span><\/div>","aioseo_breadcrumb_json":[{"label":"Home","link":"https:\/\/flamenco-rubin-de-la-ana.com"},{"label":"Musikalische Kurzbiographie","link":"https:\/\/flamenco-rubin-de-la-ana.com\/?page_id=102"}],"jetpack_likes_enabled":true,"jetpack_sharing_enabled":true,"jetpack_shortlink":"https:\/\/wp.me\/PbQaOW-1E","jetpack-related-posts":[],"_links":{"self":[{"href":"https:\/\/flamenco-rubin-de-la-ana.com\/index.php?rest_route=\/wp\/v2\/pages\/102","targetHints":{"allow":["GET"]}}],"collection":[{"href":"https:\/\/flamenco-rubin-de-la-ana.com\/index.php?rest_route=\/wp\/v2\/pages"}],"about":[{"href":"https:\/\/flamenco-rubin-de-la-ana.com\/index.php?rest_route=\/wp\/v2\/types\/page"}],"author":[{"embeddable":true,"href":"https:\/\/flamenco-rubin-de-la-ana.com\/index.php?rest_route=\/wp\/v2\/users\/182904535"}],"replies":[{"embeddable":true,"href":"https:\/\/flamenco-rubin-de-la-ana.com\/index.php?rest_route=%2Fwp%2Fv2%2Fcomments&post=102"}],"version-history":[{"count":21,"href":"https:\/\/flamenco-rubin-de-la-ana.com\/index.php?rest_route=\/wp\/v2\/pages\/102\/revisions"}],"predecessor-version":[{"id":3897,"href":"https:\/\/flamenco-rubin-de-la-ana.com\/index.php?rest_route=\/wp\/v2\/pages\/102\/revisions\/3897"}],"wp:attachment":[{"href":"https:\/\/flamenco-rubin-de-la-ana.com\/index.php?rest_route=%2Fwp%2Fv2%2Fmedia&parent=102"}],"curies":[{"name":"wp","href":"https:\/\/api.w.org\/{rel}","templated":true}]}}